{"id":801,"date":"2020-06-04T13:17:20","date_gmt":"2020-06-04T13:17:20","guid":{"rendered":"http:\/\/rosedgecapital.com\/ueber-uns\/"},"modified":"2022-08-18T22:39:05","modified_gmt":"2022-08-18T22:39:05","slug":"ueber-uns","status":"publish","type":"page","link":"https:\/\/rosedgecapital.com\/de\/ueber-uns\/","title":{"rendered":"\u00dcber uns"},"content":{"rendered":"<p><div class=\"et_d4_element et_pb_section et_pb_section_0 et_pb_section_parallax et_pb_with_background  et_pb_css_mix_blend_mode et_pb_fullwidth_section et_section_regular et_block_section\" >\n\t\t\t\t\n\t\t\t\t<span class=\"et_parallax_bg_wrap et-pb-parallax-wrapper\"><span\n\t\t\t\t\t\tclass=\"et_parallax_bg et_parallax_bg--et_pb_section_0 lazyload\"\n\t\t\t\t\t\tstyle=\"background-image:inherit;\"\n\t\t\t\t\t data-bg-image=\"url(https:\/\/rosedgecapital.com\/wp-content\/uploads\/2020\/05\/About-us-Zurich-scaled.jpg)\"><\/span><\/span>\n\t\t\t\t\n\t\t\t\t\n\t\t\t\t\n\t\t\t\t\n\t\t\t\t<section class=\"et_pb_module et_d4_element et_pb_fullwidth_header et_pb_fullwidth_header_0 et_animated et_hover_enabled  et_pb_css_mix_blend_mode et_pb_text_align_center et_pb_bg_layout_dark et_pb_fullscreen\">\n\t\t\t\t\n\t\t\t\t\n\t\t\t\t\n\t\t\t\t\n\t\t\t\t<div class=\"et_pb_fullwidth_header_container center\">\n\t\t\t\t\t<div class=\"header-content-container center\">\n\t\t\t\t\t<div class=\"header-content\">\n\t\t\t\t\t\t\n\t\t\t\t\t\t<h1 class=\"et_pb_module_header\">\u00dcber uns<\/h1>\n\t\t\t\t\t\t\n\t\t\t\t\t\t<div class=\"et_pb_header_content_wrapper\"><p>&nbsp;<\/p>\n<p>&nbsp;<\/p><\/div>\n\t\t\t\t\t\t<a class=\"et_pb_button et_pb_more_button et_pb_button_two\" href=\"https:\/\/rosedgecapital.com\/de\/kontakt\/\">Kontaktieren Sie uns<\/a>\n\t\t\t\t\t<\/div>\n\t\t\t\t<\/div>\n\t\t\t\t\t\n\t\t\t\t<\/div>\n\t\t\t\t<div class=\"et_pb_fullwidth_header_overlay\"><\/div>\n\t\t\t\t<div class=\"et_pb_fullwidth_header_scroll\"><a href=\"#\" class=\"scroll-down-container\">\n\t\t\t\t\t<span class=\"scroll-down et-pb-icon\">&#x22;<\/span>\n\t\t\t\t\t\n\t\t\t\t\t\n\t\t\t\t<\/a><\/div>\n\t\t\t<\/section>\n\t\t\t\t\n\t\t\t\t\n\t\t\t<\/div><div class=\"et_d4_element et_pb_section et_pb_section_1  et_pb_css_mix_blend_mode et_section_regular et_block_section\" >\n\t\t\t\t\n\t\t\t\t\n\t\t\t\t\n\t\t\t\t\n\t\t\t\t\n\t\t\t\t\n\t\t\t\t<div class=\"et_d4_element et_pb_row et_pb_row_0  et_pb_css_mix_blend_mode et_block_row\">\n\t\t\t\t<div class=\"et_d4_element et_pb_column_4_4 et_pb_column et_pb_column_0  et_pb_css_mix_blend_mode et-last-child et_block_column\">\n\t\t\t\t\n\t\t\t\t\n\t\t\t\t\n\t\t\t\t\n\t\t\t\t<div class=\"et_pb_module et_d4_element et_pb_image et_pb_image_0\">\n\t\t\t\t\n\t\t\t\t\n\t\t\t\t\n\t\t\t\t\n\t\t\t\t<span class=\"et_pb_image_wrap \"><img decoding=\"async\" width=\"2560\" height=\"1787\" data-src=\"https:\/\/rosedgecapital.com\/wp-content\/uploads\/2020\/05\/Flawed-financing-system-scaled.jpg\" alt=\"\" title=\"businessman sitting on chair looking at a scribble on a wall feeling confused\" data-srcset=\"https:\/\/rosedgecapital.com\/wp-content\/uploads\/2020\/05\/Flawed-financing-system-scaled.jpg 2560w, https:\/\/rosedgecapital.com\/wp-content\/uploads\/2020\/05\/Flawed-financing-system-1280x894.jpg 1280w, https:\/\/rosedgecapital.com\/wp-content\/uploads\/2020\/05\/Flawed-financing-system-980x684.jpg 980w, https:\/\/rosedgecapital.com\/wp-content\/uploads\/2020\/05\/Flawed-financing-system-480x335.jpg 480w\" data-sizes=\"(min-width: 0px) and (max-width: 480px) 480px, (min-width: 481px) and (max-width: 980px) 980px, (min-width: 981px) and (max-width: 1280px) 1280px, (min-width: 1281px) 2560px, 100vw\" class=\"wp-image-470 lazyload\" src=\"data:image\/svg+xml;base64,PHN2ZyB3aWR0aD0iMSIgaGVpZ2h0PSIxIiB4bWxucz0iaHR0cDovL3d3dy53My5vcmcvMjAwMC9zdmciPjwvc3ZnPg==\" style=\"--smush-placeholder-width: 2560px; --smush-placeholder-aspect-ratio: 2560\/1787;\" \/><\/span>\n\t\t\t<\/div>\n\t\t\t<\/div>\n\t\t\t\t\n\t\t\t\t\n\t\t\t\t\n\t\t\t\t\n\t\t\t<\/div>\n\t\t\t\t\n\t\t\t\t\n\t\t\t<\/div><div class=\"et_d4_element et_pb_section et_pb_section_2 et_animated  et_pb_css_mix_blend_mode et_section_regular et_block_section\" >\n\t\t\t\t\n\t\t\t\t\n\t\t\t\t\n\t\t\t\t\n\t\t\t\t\n\t\t\t\t\n\t\t\t\t<div class=\"et_d4_element et_pb_row et_pb_row_1 et_pb_row_fullwidth et_pb_equal_columns et_pb_gutters1  et_pb_css_mix_blend_mode et_block_row\">\n\t\t\t\t<div class=\"et_d4_element et_pb_column_1_2 et_pb_column et_pb_column_1  et_pb_css_mix_blend_mode et_block_column\">\n\t\t\t\t\n\t\t\t\t\n\t\t\t\t\n\t\t\t\t\n\t\t\t\t<div class=\"et_pb_module et_d4_element et_pb_divider et_pb_divider_0 et_animated et_pb_space\"><div class=\"et_pb_divider_internal\"><\/div><\/div><div class=\"et_pb_module et_d4_element et_pb_text et_pb_text_0 et_animated et_pb_section_parallax  et_pb_text_align_left et_pb_bg_layout_light\">\n\t\t\t\t<span class=\"et_parallax_bg_wrap et-pb-parallax-wrapper\"><span\n\t\t\t\t\t\tclass=\"et_parallax_bg et_pb_parallax_css et_parallax_bg--et_pb_text_0 lazyload\"\n\t\t\t\t\t\tstyle=\"background-image:inherit;\"\n\t\t\t\t\t data-bg-image=\"url(https:\/\/rosedgecapital.com\/wp-content\/uploads\/2020\/05\/testemonial-background.jpg)\"><\/span><\/span>\n\t\t\t\t\n\t\t\t\t\n\t\t\t\t\n\t\t\t\t<div class=\"et_pb_text_inner\"><h2 style=\"text-align: center;\"><strong>Fehlerhaftes Finanzierungssystem<\/strong><\/h2>\n<p>&nbsp;<\/p>\n<p><i>\u201eDer europ\u00e4ische Hersteller von Snacks und Chips hat seinen Term-Loan-B-Kredit \u00fcber 185,5 Mio. EUR bei 99,5 und 425 Basispunkten \u00fcber Euribor platziert. Die Fazilit\u00e4t wurde urspr\u00fcnglich mit 99,5 gef\u00fchrt und zahlte E+375-400 Basispunkte, bevor sie auf 99-99,5 mit E+425 Basispunkten umgestellt wurde <\/i>.&#8220;<\/p>\n<p><i>\u201eDie Bepreisung hat sich bei einem Ausgabeabschlag von 94 und E+600 Basispunkten festgelegt, und die Arrangeure haben den Deal auf eine Konsortialfinanzierung umgestellt. [\u2026] Die Deal-Struktur bleibt unver\u00e4ndert. [\u2026] Ein am 22. November 2018 auf den Markt gebrachter TLB \u00fcber 275 Mio. EUR wurde mit E+425-500 Basispunkten und einem Ausgabeabschlag von 99 gef\u00fchrt. \u201c<\/i><\/p>\n<p><i>\u201e[\u2026] bricht den Verkauf ab, nachdem die Verhandlungen in den letzten Tagen zusammengebrochen sind.&#8220; \u201eBei der Refinanzierung im Jahr 2018 gab es starken Gegenwind.\u201c \u201eDer Emittent ging letztendlich den Konsortialweg und wandte sich an direkte Kreditgeber und andere nicht traditionelle K\u00e4ufer, um das Gesch\u00e4ft abzuschlie\u00dfen. \u201c <\/i><\/p>\n<p><i><strong>Quelle:<\/strong> <strong>Nachrichtenplattformen zum Thema Finanzierungen (vom Englisch \u00fcbersetzt)<\/strong><\/i><\/p><\/div>\n\t\t\t<\/div>\n\t\t\t<\/div><div class=\"et_d4_element et_pb_column_1_2 et_pb_column et_pb_column_2  et_pb_css_mix_blend_mode et-last-child et_block_column et_pb_column_empty\">\n\t\t\t\t\n\t\t\t\t\n\t\t\t\t\n\t\t\t\t\n\t\t\t\t\n\t\t\t<\/div>\n\t\t\t\t\n\t\t\t\t\n\t\t\t\t\n\t\t\t\t\n\t\t\t<\/div><div class=\"et_d4_element et_pb_row et_pb_row_2  et_pb_css_mix_blend_mode et_block_row\">\n\t\t\t\t<div class=\"et_d4_element et_pb_column_4_4 et_pb_column et_pb_column_3  et_pb_css_mix_blend_mode et-last-child et_block_column\">\n\t\t\t\t\n\t\t\t\t\n\t\t\t\t\n\t\t\t\t\n\t\t\t\t<div class=\"et_pb_with_border et_pb_module et_d4_element et_pb_text et_pb_text_1 et_animated  et_pb_text_align_left et_pb_bg_layout_light\">\n\t\t\t\t\n\t\t\t\t\n\t\t\t\t\n\t\t\t\t\n\t\t\t\t<div class=\"et_pb_text_inner\"><p><strong>Verzerrte Konditionen, fehlgeschlagene Refinanzierungs- und Dividendenr\u00fcckf\u00fchrungsprozesse, unflexible Dokumentation, die die Gesch\u00e4ftst\u00e4tigkeit des Kreditnehmers belasten, und fehlgeschlagene \/ verz\u00f6gerte M&amp;A-Prozesse.<\/strong><\/p><\/div>\n\t\t\t<\/div>\n\t\t\t<\/div>\n\t\t\t\t\n\t\t\t\t\n\t\t\t\t\n\t\t\t\t\n\t\t\t<\/div><div class=\"et_d4_element et_pb_row et_pb_row_3  et_pb_css_mix_blend_mode et_block_row\">\n\t\t\t\t<div class=\"et_d4_element et_pb_column_4_4 et_pb_column et_pb_column_4  et_pb_css_mix_blend_mode et-last-child et_block_column\">\n\t\t\t\t\n\t\t\t\t\n\t\t\t\t\n\t\t\t\t\n\t\t\t\t<div class=\"et_pb_button_module_wrapper et_pb_button_0_wrapper et_pb_button_alignment_center et_pb_module \">\n\t\t\t\t<a class=\"et_pb_button et_d4_element et_pb_button_0 et_hover_enabled et_pb_bg_layout_light et_block_module\" href=\"#more\">Alternative L\u00f6sung \u2b07<\/a>\n\t\t\t<\/div>\n\t\t\t<\/div>\n\t\t\t\t\n\t\t\t\t\n\t\t\t\t\n\t\t\t\t\n\t\t\t<\/div><div class=\"et_d4_element et_pb_row et_pb_row_4  et_pb_css_mix_blend_mode et_block_row\">\n\t\t\t\t<div class=\"et_d4_element et_pb_column_4_4 et_pb_column et_pb_column_5  et_pb_css_mix_blend_mode et-last-child et_block_column\">\n\t\t\t\t\n\t\t\t\t\n\t\t\t\t\n\t\t\t\t\n\t\t\t\t<div class=\"et_pb_module et_d4_element et_pb_image et_pb_image_1\">\n\t\t\t\t\n\t\t\t\t\n\t\t\t\t\n\t\t\t\t\n\t\t\t\t<span class=\"et_pb_image_wrap \"><img decoding=\"async\" width=\"2560\" height=\"1868\" data-src=\"https:\/\/rosedgecapital.com\/wp-content\/uploads\/2020\/05\/Rosedge-differentiated-proposition-scaled.jpg\" alt=\"\" title=\"creative idea.Concept of idea and innovation\" data-srcset=\"https:\/\/rosedgecapital.com\/wp-content\/uploads\/2020\/05\/Rosedge-differentiated-proposition-scaled.jpg 2560w, https:\/\/rosedgecapital.com\/wp-content\/uploads\/2020\/05\/Rosedge-differentiated-proposition-1280x934.jpg 1280w, https:\/\/rosedgecapital.com\/wp-content\/uploads\/2020\/05\/Rosedge-differentiated-proposition-980x715.jpg 980w, https:\/\/rosedgecapital.com\/wp-content\/uploads\/2020\/05\/Rosedge-differentiated-proposition-480x350.jpg 480w\" data-sizes=\"(min-width: 0px) and (max-width: 480px) 480px, (min-width: 481px) and (max-width: 980px) 980px, (min-width: 981px) and (max-width: 1280px) 1280px, (min-width: 1281px) 2560px, 100vw\" class=\"wp-image-479 lazyload\" src=\"data:image\/svg+xml;base64,PHN2ZyB3aWR0aD0iMSIgaGVpZ2h0PSIxIiB4bWxucz0iaHR0cDovL3d3dy53My5vcmcvMjAwMC9zdmciPjwvc3ZnPg==\" style=\"--smush-placeholder-width: 2560px; --smush-placeholder-aspect-ratio: 2560\/1868;\" \/><\/span>\n\t\t\t<\/div>\n\t\t\t<\/div>\n\t\t\t\t\n\t\t\t\t\n\t\t\t\t\n\t\t\t\t\n\t\t\t<\/div>\n\t\t\t\t\n\t\t\t\t\n\t\t\t<\/div><div class=\"et_d4_element et_pb_section et_pb_section_3 et_animated  et_pb_css_mix_blend_mode et_section_regular et_block_section\" >\n\t\t\t\t\n\t\t\t\t\n\t\t\t\t\n\t\t\t\t\n\t\t\t\t\n\t\t\t\t\n\t\t\t\t<div class=\"et_d4_element et_pb_row et_pb_row_5 et_pb_row_fullwidth et_pb_equal_columns et_pb_gutters1  et_pb_css_mix_blend_mode et_block_row\">\n\t\t\t\t<div class=\"et_d4_element et_pb_column_1_2 et_pb_column et_pb_column_6  et_pb_css_mix_blend_mode et_block_column et_pb_column_empty\">\n\t\t\t\t\n\t\t\t\t\n\t\t\t\t\n\t\t\t\t\n\t\t\t\t\n\t\t\t<\/div><div class=\"et_d4_element et_pb_column_1_2 et_pb_column et_pb_column_7  et_pb_css_mix_blend_mode et-last-child et_block_column\">\n\t\t\t\t\n\t\t\t\t\n\t\t\t\t\n\t\t\t\t\n\t\t\t\t<div id=\"more\" class=\"et_pb_module et_d4_element et_pb_divider et_pb_divider_1 et_animated et_pb_space\"><div class=\"et_pb_divider_internal\"><\/div><\/div><div class=\"et_pb_module et_d4_element et_pb_text et_pb_text_2 et_animated et_pb_section_parallax  et_pb_text_align_left et_pb_bg_layout_light\">\n\t\t\t\t<span class=\"et_parallax_bg_wrap et-pb-parallax-wrapper\"><span\n\t\t\t\t\t\tclass=\"et_parallax_bg et_pb_parallax_css et_parallax_bg--et_pb_text_2 lazyload\"\n\t\t\t\t\t\tstyle=\"background-image:inherit;\"\n\t\t\t\t\t data-bg-image=\"url(https:\/\/rosedgecapital.com\/wp-content\/uploads\/2020\/05\/testemonial-background.jpg)\"><\/span><\/span>\n\t\t\t\t\n\t\t\t\t\n\t\t\t\t\n\t\t\t\t<div class=\"et_pb_text_inner\"><h3 style=\"text-align: center;\"><strong>Der differenzierte Ansatz von Rosedge<\/strong><\/h3>\n<p><strong><\/strong><\/p>\n<p><strong><\/strong><\/p>\n<p><strong><\/strong><\/p>\n<p><i>\u201c<\/i><i>Cognita hat eine nachrangige Fazilit\u00e4t in H\u00f6he von 255 Mio. EUR ausgef\u00fchrt.<\/i><i>\u201d \u201cSponsor Jacobs Holding entschied sich f\u00fcr ein Second-Lien-Darlehen, um eine untergeordnete Fremdkapitaltranche hinzuzuf\u00fcgen [\u2026], nachdem eine geplante ungesicherte Anleihe in H\u00f6he von 255,3 Mio. EUR zur\u00fcckgezogen wurde. \u201c \u201eE+750 an der Marge, was im Vergleich zu den Anleihen (die in einem Bereich von 8,5% angesiedelt waren) g\u00fcnstig war. \u201c<\/i><\/p>\n<p><i>\u201c<\/i><i>Die Jacobs Holding gab am 31. Januar bekannt, dass sie Minderheitsbeteiligungen an Cognita, die globale Privatschulgruppe mit Hauptsitz in Gro\u00dfbritannien, an zwei Private-Equity-Unternehmen verkauft hat &#8211; Chicago, BDT Capital Partners mit Sitz in Illinois und Sofina SA mit Sitz<\/i> <i>in<\/i><i>Belgien. \u201c<\/i><\/p>\n<p><i><strong>Quelle:<\/strong> <strong>Nachrichtenplattformen zum Thema Finanzierungen (vom Englisch \u00fcbersetzt)<\/strong><\/i><\/p><\/div>\n\t\t\t<\/div>\n\t\t\t<\/div>\n\t\t\t\t\n\t\t\t\t\n\t\t\t\t\n\t\t\t\t\n\t\t\t<\/div>\n\t\t\t\t\n\t\t\t\t\n\t\t\t<\/div><div id=\"more\" class=\"et_d4_element et_pb_section et_pb_section_4  et_pb_css_mix_blend_mode et_section_regular et_block_section\" >\n\t\t\t\t\n\t\t\t\t\n\t\t\t\t\n\t\t\t\t\n\t\t\t\t\n\t\t\t\t\n\t\t\t\t<div class=\"et_d4_element et_pb_row et_pb_row_6  et_pb_css_mix_blend_mode et_block_row\">\n\t\t\t\t<div class=\"et_d4_element et_pb_column_4_4 et_pb_column et_pb_column_8  et_pb_css_mix_blend_mode et-last-child et_block_column\">\n\t\t\t\t\n\t\t\t\t\n\t\t\t\t\n\t\t\t\t\n\t\t\t\t<div class=\"et_pb_with_border et_pb_module et_d4_element et_pb_text et_pb_text_3 et_animated  et_pb_text_align_left et_pb_bg_layout_light\">\n\t\t\t\t\n\t\t\t\t\n\t\t\t\t\n\t\t\t\t\n\t\t\t\t<div class=\"et_pb_text_inner\"><p><b>Rosedge vereinfacht den Fremdfinanzierungsprozess und konzentriert sich auf die erstklassige Ausf\u00fchrung \u2013 billigere Finanzierung, Flexibilit\u00e4t bei der Dokumentation, verbesserte Chancen auf den Verkauf von Verm\u00f6genswerten (Minderheit oder Mehrheit).<\/b><\/p><\/div>\n\t\t\t<\/div>\n\t\t\t<\/div>\n\t\t\t\t\n\t\t\t\t\n\t\t\t\t\n\t\t\t\t\n\t\t\t<\/div>\n\t\t\t\t\n\t\t\t\t\n\t\t\t<\/div><div class=\"et_d4_element et_pb_section et_pb_section_5  et_pb_css_mix_blend_mode et_section_regular et_block_section\" >\n\t\t\t\t\n\t\t\t\t\n\t\t\t\t\n\t\t\t\t\n\t\t\t\t\n\t\t\t\t\n\t\t\t\t<div class=\"et_d4_element et_pb_row et_pb_row_7  et_pb_css_mix_blend_mode et_block_row\">\n\t\t\t\t<div class=\"et_d4_element et_pb_column_4_4 et_pb_column et_pb_column_9  et_pb_css_mix_blend_mode et-last-child et_block_column\">\n\t\t\t\t\n\t\t\t\t\n\t\t\t\t\n\t\t\t\t\n\t\t\t\t<div class=\"et_pb_module et_d4_element et_pb_divider et_pb_divider_2 et_animated et_pb_space\"><div class=\"et_pb_divider_internal\"><\/div><\/div><div class=\"et_pb_module et_d4_element et_pb_text et_pb_text_4 et_animated  et_pb_text_align_center et_pb_bg_layout_light\">\n\t\t\t\t\n\t\t\t\t\n\t\t\t\t\n\t\t\t\t\n\t\t\t\t<div class=\"et_pb_text_inner\"><h2><strong>Wodurch unterscheidet sich Rosedge?<\/strong><\/h2>\n<h1><strong> <\/strong><\/h1>\n<p><strong><\/strong><\/p>\n<p><strong><\/strong><\/p>\n<p><strong>Wir verbinden die unabh\u00e4ngige Beratung eines normalen Finanzierungsberaters mit dem gro\u00dfen Netzwerk, der Struktur und der Verkaufskraft einer Investmentbank<\/strong><\/p><\/div>\n\t\t\t<\/div>\n\t\t\t<\/div>\n\t\t\t\t\n\t\t\t\t\n\t\t\t\t\n\t\t\t\t\n\t\t\t<\/div>\n\t\t\t\t\n\t\t\t\t\n\t\t\t<\/div><div class=\"et_d4_element et_pb_section et_pb_section_6  et_pb_css_mix_blend_mode et_section_regular et_block_section\" >\n\t\t\t\t\n\t\t\t\t\n\t\t\t\t\n\t\t\t\t\n\t\t\t\t\n\t\t\t\t\n\t\t\t\t<div class=\"et_d4_element et_pb_row et_pb_row_8 et_pb_row_fullwidth et_pb_equal_columns et_pb_gutters1  et_pb_css_mix_blend_mode et_block_row\">\n\t\t\t\t<div class=\"et_d4_element et_pb_column_1_2 et_pb_column et_pb_column_10  et_pb_css_mix_blend_mode et_block_column\">\n\t\t\t\t\n\t\t\t\t\n\t\t\t\t\n\t\t\t\t\n\t\t\t\t<div class=\"et_pb_module et_d4_element et_pb_divider et_pb_divider_3 et_animated et_pb_space\"><div class=\"et_pb_divider_internal\"><\/div><\/div><div class=\"et_pb_module et_d4_element et_pb_text et_pb_text_5 et_animated  et_pb_text_align_left et_pb_bg_layout_light\">\n\t\t\t\t\n\t\t\t\t\n\t\t\t\t\n\t\t\t\t\n\t\t\t\t<div class=\"et_pb_text_inner\"><h2 style=\"text-align: center;\"><strong>Rosedge Capital <\/strong><\/h2>\n<p>&nbsp;<\/p>\n<p class=\"header2\" style=\"text-align: center;\"><span style=\"color: #000000;\">\u2714 <\/span>Entwicklung einer geeigneten Kapitalstruktur<\/p>\n<p class=\"header2\" style=\"text-align: center;\"><span style=\"color: #0000ff;\"><span style=\"color: #000000;\">\u2714<\/span><\/span>Parallele Konsultation mehrerer Finanzierungsl\u00f6sungen<\/p>\n<p class=\"header2\" style=\"text-align: center;\"><span style=\"color: #000000;\">\u2714 <\/span>Organisation des gesamten Finanzierungsprozesses<\/p>\n<p class=\"header2\" style=\"text-align: center;\"><span style=\"color: #000000;\">\u2714<\/span> Unterst\u00fctzung der Verhandlung \u00fcber die Kreditdokumentation<\/p>\n<p class=\"header2\" style=\"text-align: center;\"><span style=\"color: #000000;\">\u2714<\/span> Unterst\u00fctzung w\u00e4hrend der gesamten Schuldsituation<\/p><\/div>\n\t\t\t<\/div>\n\t\t\t<\/div><div class=\"et_d4_element et_pb_column_1_2 et_pb_column et_pb_column_11  et_pb_css_mix_blend_mode et-last-child et_block_column et_pb_column_empty\">\n\t\t\t\t\n\t\t\t\t\n\t\t\t\t\n\t\t\t\t\n\t\t\t\t\n\t\t\t<\/div>\n\t\t\t\t\n\t\t\t\t\n\t\t\t\t\n\t\t\t\t\n\t\t\t<\/div><div class=\"et_d4_element et_pb_row et_pb_row_9  et_pb_css_mix_blend_mode et_block_row\">\n\t\t\t\t<div class=\"et_d4_element et_pb_column_4_4 et_pb_column et_pb_column_12  et_pb_css_mix_blend_mode et-last-child et_block_column\">\n\t\t\t\t\n\t\t\t\t\n\t\t\t\t\n\t\t\t\t\n\t\t\t\t<div class=\"et_pb_module et_d4_element et_pb_image et_pb_image_2\">\n\t\t\t\t\n\t\t\t\t\n\t\t\t\t\n\t\t\t\t\n\t\t\t\t<span class=\"et_pb_image_wrap \"><img decoding=\"async\" width=\"2560\" height=\"1709\" data-src=\"https:\/\/rosedgecapital.com\/wp-content\/uploads\/2020\/05\/How-is-our-process-different-scaled.jpg\" alt=\"\" title=\"Human hands connecting two jigsaw puzzle pieces against cloudy sky\" class=\"wp-image-475 lazyload\" data-srcset=\"https:\/\/rosedgecapital.com\/wp-content\/uploads\/2020\/05\/How-is-our-process-different-scaled.jpg 2560w, https:\/\/rosedgecapital.com\/wp-content\/uploads\/2020\/05\/How-is-our-process-different-1280x855.jpg 1280w, https:\/\/rosedgecapital.com\/wp-content\/uploads\/2020\/05\/How-is-our-process-different-980x654.jpg 980w, https:\/\/rosedgecapital.com\/wp-content\/uploads\/2020\/05\/How-is-our-process-different-480x320.jpg 480w\" data-sizes=\"(min-width: 0px) and (max-width: 480px) 480px, (min-width: 481px) and (max-width: 980px) 980px, (min-width: 981px) and (max-width: 1280px) 1280px, (min-width: 1281px) 2560px, 100vw\" src=\"data:image\/svg+xml;base64,PHN2ZyB3aWR0aD0iMSIgaGVpZ2h0PSIxIiB4bWxucz0iaHR0cDovL3d3dy53My5vcmcvMjAwMC9zdmciPjwvc3ZnPg==\" style=\"--smush-placeholder-width: 2560px; --smush-placeholder-aspect-ratio: 2560\/1709;\" \/><\/span>\n\t\t\t<\/div>\n\t\t\t<\/div>\n\t\t\t\t\n\t\t\t\t\n\t\t\t\t\n\t\t\t\t\n\t\t\t<\/div>\n\t\t\t\t\n\t\t\t\t\n\t\t\t<\/div><\/p>\n","protected":false},"excerpt":{"rendered":"","protected":false},"author":1,"featured_media":0,"parent":0,"menu_order":0,"comment_status":"closed","ping_status":"closed","template":"","meta":{"_et_pb_use_builder":"on","_et_pb_old_content":"","_et_gb_content_width":"","footnotes":""},"class_list":["post-801","page","type-page","status-publish","hentry"],"_links":{"self":[{"href":"https:\/\/rosedgecapital.com\/de\/wp-json\/wp\/v2\/pages\/801","targetHints":{"allow":["GET"]}}],"collection":[{"href":"https:\/\/rosedgecapital.com\/de\/wp-json\/wp\/v2\/pages"}],"about":[{"href":"https:\/\/rosedgecapital.com\/de\/wp-json\/wp\/v2\/types\/page"}],"author":[{"embeddable":true,"href":"https:\/\/rosedgecapital.com\/de\/wp-json\/wp\/v2\/users\/1"}],"replies":[{"embeddable":true,"href":"https:\/\/rosedgecapital.com\/de\/wp-json\/wp\/v2\/comments?post=801"}],"version-history":[{"count":9,"href":"https:\/\/rosedgecapital.com\/de\/wp-json\/wp\/v2\/pages\/801\/revisions"}],"predecessor-version":[{"id":1402,"href":"https:\/\/rosedgecapital.com\/de\/wp-json\/wp\/v2\/pages\/801\/revisions\/1402"}],"wp:attachment":[{"href":"https:\/\/rosedgecapital.com\/de\/wp-json\/wp\/v2\/media?parent=801"}],"curies":[{"name":"wp","href":"https:\/\/api.w.org\/{rel}","templated":true}]}}