{"id":832,"date":"2020-06-05T16:16:53","date_gmt":"2020-06-05T16:16:53","guid":{"rendered":"http:\/\/rosedgecapital.com\/datenschutzerklaerung\/"},"modified":"2020-06-05T16:16:53","modified_gmt":"2020-06-05T16:16:53","slug":"datenschutzerklaerung","status":"publish","type":"page","link":"https:\/\/rosedgecapital.com\/de\/datenschutzerklaerung\/","title":{"rendered":"Datenschutzerkl\u00e4rung"},"content":{"rendered":"<div class=\"et_d4_element et_pb_section et_pb_section_0  et_pb_css_mix_blend_mode et_section_regular et_block_section\" >\n\t\t\t\t\n\t\t\t\t\n\t\t\t\t\n\t\t\t\t\n\t\t\t\t\n\t\t\t\t\n\t\t\t\t<div class=\"et_d4_element et_pb_row et_pb_row_0  et_pb_css_mix_blend_mode et_block_row\">\n\t\t\t\t<div class=\"et_d4_element et_pb_column_4_4 et_pb_column et_pb_column_0  et_pb_css_mix_blend_mode et-last-child et_block_column\">\n\t\t\t\t\n\t\t\t\t\n\t\t\t\t\n\t\t\t\t\n\t\t\t\t<div class=\"et_pb_module et_d4_element et_pb_text et_pb_text_0  et_pb_text_align_left et_pb_bg_layout_light\">\n\t\t\t\t\n\t\t\t\t\n\t\t\t\t\n\t\t\t\t\n\t\t\t\t<div class=\"et_pb_text_inner\"><h1>DATENSCHUTZERKL\u00c4RUNG DER Rosedge Capital AG (&#8222;Rosedge&#8220;)<\/h1>\n<p>&nbsp;<\/p>\n<p>&nbsp;<\/p>\n<p>Die Informationen und Dokumente auf der Website <a href=\"http:\/\/www.rosedgecapital.com\/\"><strong>www.rosedgecapital.com<\/strong><\/a><strong>  <\/strong>( \u201eRosedge-Website) stellen keine Rechtsberatung dar. Rosedge ist bem\u00fcht, die Informationen und Dokumente auf den Rosedge-Website st\u00e4ndig zu aktualisieren und sicherzustellen, dass diese korrekt sind. F\u00fcr die Richtigkeit, Vollst\u00e4ndigkeit und Eignung dieser Informationen und Dokumente \u00fcbernimmt Rosedge jedoch keine Gew\u00e4hr.  <\/p>\n<p>Eine Haftung und Verantwortung f\u00fcr etwaige Fehler oder Unterlassungen und die Folgen der Benutzung der Informationen und\/oder Dokumente oder der Rosedge-Website selbst schlie\u00dft Rosedge ausdr\u00fccklich aus.<\/p>\n<p>Rosedge \u00fcbernimmt keine Verantwortung f\u00fcr andere Websites und Inhalte, die auf die Rosedge-Website verweisen oder auf die von den Rosedge-Website aus verwiesen wird.<\/p>\n<p>&nbsp;<\/p>\n<p>DATENSCHUTZERKL\u00c4RUNG DER Rosedge Capital AG (&#8222;Rosedge&#8220;)<\/p>\n<p>&nbsp;<\/p>\n<p>Rosedge ist der Schutz und die Gew\u00e4hrleistung der Sicherheit und Vertraulichkeit der Daten, welche Rosedge im Rahmen der eigenen Gesch\u00e4ftst\u00e4tigkeit erh\u00e4lt, sich aus \u00f6ffentlich zug\u00e4nglichen Quellen beschafft und\/oder erarbeitet (&#8222;Rosedge-Daten&#8220;), au\u00dferordentlich wichtig. Die Rosedge-Daten werden im Einklang mit den Bestimmungen des geltenden schweizerischen Datenschutzrechts und, soweit anwendbar, der europ\u00e4ischen Datenschutz-Grundverordnung (&#8222;DSGVO&#8220;) verarbeitet. Sofern die Rosedge-Daten von Mandanten bereitgestellt werden, unterstehen sie den vereinbarten Vertraulichkeitsbedingungen.  <\/p>\n<p>&nbsp;<\/p>\n<p>Rosedge ist f\u00fcr die Datenverarbeitung verantwortlich. Die Rosedge-Daten bestehen aus Informationen, welche Rosedge im Rahmen ihrer bestehenden, ehemaligen oder potentiellen Mandatsbeziehungen und sonstigen bestehenden, ehemaligen oder potentiellen Vertragsbeziehungen sowie beim Betrieb der von Rosedge betriebenen Websites (&#8222;Rosedge-Website&#8220;) und den dazugeh\u00f6renden Anwendungen erhalten und\/oder sammeln und an welchen Rosedge gem\u00e4ss ihres Gesellschaftszweckes ein berechtigtes Interesse hat und\/oder welche im Ermessen von Rosedge f\u00fcr die Gesch\u00e4ftsaus\u00fcbung notwendig sind. <\/p>\n<p>&nbsp;<\/p>\n<p>Soweit gesetzlich erlaubt entnimmt Rosedge die Rosedge-Daten auch aus \u00f6ffentlich zug\u00e4nglichen Quellen (z.B. Betreibungsregister, Grundb\u00fccher, Handelsregister, Anwaltsregister, Medien, Internet) oder erhalten diese von Mandanten, Vertragspartnern, Gerichten, Schiedsgerichten, \u00f6ffentlichen Beh\u00f6rden, Korrespondenzanw\u00e4lten, Wirtschaftsinformationssystemen und\/oder Dritten.<\/p>\n<p>&nbsp;<\/p>\n<p>Rosedge-Daten enthalten insbesondere Informationen und Angaben im Zusammenhang mit beruflichen Funktionen und Aktivit\u00e4ten von Mandanten und Dritten, Verm\u00f6gens- und Bonit\u00e4tsausk\u00fcnften, Angaben von Banken und Versicherungen sowie alle f\u00fcr die Gesch\u00e4ftsaus\u00fcbung von Rosedge relevanten weiteren Daten. Zudem enthalten die Rosedge-Daten Adressen und Informationen im Zusammenhang mit der Benutzung der Rosedge-Website. <\/p>\n<p>&nbsp;<\/p>\n<p>Zu den Daten, die Rosedge erh\u00e4lt, geh\u00f6ren insbesondere Informationen und Angaben \u00fcber die beruflichen Funktionen und Aktivit\u00e4ten von Kunden und Dritten, Informationen \u00fcber die finanzielle Situation und Kreditberichte, Bank- und Versicherungsausk\u00fcnfte sowie alle anderen Daten, die f\u00fcr den Gesch\u00e4ftsverlauf von Rosedge relevant sind. Dar\u00fcber hinaus enthalten die bei Rosedge eingegangenen Daten Adressen und Informationen zur Nutzung der Websites von Rosedge.<\/p>\n<p>&nbsp;<\/p>\n<p>Die Rosedge-Website verwenden &#8222;Cookies&#8220;, Google Analytics und \u00e4hnliche Technologien zu Marketingzwecken. Die Anbieter dieser Dienstleistungen erhalten von Rosedge keine Daten \u00fcber Mandanten, Gesch\u00e4ftspartner und Dritte. F\u00fcr weitere Informationen besuchen Sie bitte die <a href=\"https:\/\/rosedgecapital.com\/cookies-policy\/\">Cookies policy<\/a>.  <\/p>\n<p>&nbsp;<\/p>\n<p>Weitere Daten werden automatisch beim Besuch der Rosedge-Website durch bestimmte IT-Systeme erfasst. Das sind vor allem technische Daten (z.B. Internetbrowser, Betriebssystem oder Uhrzeit des Seitenaufrufs). Die Erfassung dieser Daten erfolgt automatisch, sobald eine Rosedge-Website aufgerufen wird.  <\/p>\n<p><strong> <\/strong><\/p>\n<p>&nbsp;<\/p>\n<p>Im Rahmen des Gesellschaftszwecks von Rosedge und insbesondere zur Erf\u00fcllung finanziellen Dienstleistungen sowie f\u00fcr die Gesch\u00e4ftsaus\u00fcbung im Allgemeinen k\u00f6nnen Rosedge-Daten Dritten in der Schweiz und im Ausland bekanntgegeben werden. Dabei werden alle gesetzlichen Vorgaben gewahrt. <\/p>\n<p>&nbsp;<\/p>\n<p>Die Rosedge-Daten werden gem\u00e4ss den gesetzlichen Aufbewahrungs- und Dokumentationspflichten und\/oder den gesetzlichen Verj\u00e4hrungsfristen sowie solange berechtigte Gesch\u00e4ftsinteressen dies erfordern, verarbeitet und gespeichert.<\/p>\n<p>&nbsp;<\/p>\n<p>Rosedge trifft alle gesetzlich vorgesehenen und angemessenen technischen und organisatorischen Sicherheitsvorkehrungen zum Schutz der Rosedge-Daten.<\/p>\n<p>&nbsp;<\/p>\n<h2>Informationen, die wir sammeln<\/h2>\n<p>Die pers\u00f6nlichen Daten, um die Sie gebeten werden, und die Gr\u00fcnde, warum Sie gebeten werden, werden Ihnen an der Stelle, an der wir Sie um die Angabe Ihrer pers\u00f6nlichen Daten bitten, deutlich gemacht.<\/p>\n<p>Wenn Sie sich direkt mit uns in Verbindung setzen, erhalten wir unter Umst\u00e4nden zus\u00e4tzliche Informationen \u00fcber Sie, wie z.B. Ihren Namen, Ihre E-Mail-Adresse, Ihre Telefonnummer, den Inhalt der Nachricht und\/oder der Anh\u00e4nge, die Sie uns senden, sowie alle anderen Informationen, die Sie uns zur Verf\u00fcgung stellen.<\/p>\n<p>&nbsp;<\/p>\n<p>Die Aufnahme einer Gesch\u00e4ftsbeziehung mit Rosedge verpflichtet die betroffene Person zur Mitteilung von Daten an Rosedge, damit diese ihre vertraglichen Verpflichtungen erf\u00fcllen kann. Eine Weigerung, erforderliche Daten bereitzustellen, erm\u00e4chtigt Rosedge zum sofortigen Abbruch der Gesch\u00e4ftsbeziehung. <\/p>\n<p>&nbsp;<\/p>\n<p>Gem\u00e4ss den geltenden Datenschutzrechten und, soweit anwendbar, gem\u00e4ss der DSGVO besteht das Recht auf Auskunft, Berichtigung und L\u00f6schung personenbezogener Daten, das Recht auf Einschr\u00e4nkung der Datenverarbeitung, das Recht auf Widerspruch gegen die Datenverarbeitung oder die R\u00fccknahme einer erteilten Einwilligung zurDatenverarbeitung durch Rosedge sowie auf Herausgabe gewisser personenbezogener Daten zwecks \u00dcbertragung an eine andere Stelle. Die Aus\u00fcbung solcher Rechte setzt voraus, dass die Identit\u00e4t der betroffenen Person eindeutig nachgewiesen wird. Rosedge beh\u00e4lt sich das Recht vor, gesetzlich vorgesehene Einschr\u00e4nkungen der hier aufgef\u00fchrten Rechte geltend zu machen.  <\/p>\n<p>&nbsp;<\/p>\n<p>Die vorliegende Datenschutzerkl\u00e4rung kann jederzeit und ohne Vorank\u00fcndigung angepasst werden. Es gilt die jeweils aktuelle, auf der Website <a href=\"http:\/\/www.rosedgecapital.com\/\"><strong>www.rosedgecapital.com<\/strong><\/a> publizierte Fassung. Rosedge beh\u00e4lt sich das Recht vor, die vorliegende Datenschutzerkl\u00e4rung in Einzelf\u00e4llen durch zus\u00e4tzliche Datenschutzerkl\u00e4rungen zu erg\u00e4nzen.  <\/p>\n<p>&nbsp;<\/p><\/div>\n\t\t\t<\/div>\n\t\t\t<\/div>\n\t\t\t\t\n\t\t\t\t\n\t\t\t\t\n\t\t\t\t\n\t\t\t<\/div>\n\t\t\t\t\n\t\t\t\t\n\t\t\t<\/div>\n","protected":false},"excerpt":{"rendered":"","protected":false},"author":1,"featured_media":0,"parent":0,"menu_order":0,"comment_status":"closed","ping_status":"closed","template":"","meta":{"_et_pb_use_builder":"on","_et_pb_old_content":"","_et_gb_content_width":"","footnotes":""},"class_list":["post-832","page","type-page","status-publish","hentry"],"_links":{"self":[{"href":"https:\/\/rosedgecapital.com\/de\/wp-json\/wp\/v2\/pages\/832","targetHints":{"allow":["GET"]}}],"collection":[{"href":"https:\/\/rosedgecapital.com\/de\/wp-json\/wp\/v2\/pages"}],"about":[{"href":"https:\/\/rosedgecapital.com\/de\/wp-json\/wp\/v2\/types\/page"}],"author":[{"embeddable":true,"href":"https:\/\/rosedgecapital.com\/de\/wp-json\/wp\/v2\/users\/1"}],"replies":[{"embeddable":true,"href":"https:\/\/rosedgecapital.com\/de\/wp-json\/wp\/v2\/comments?post=832"}],"version-history":[{"count":0,"href":"https:\/\/rosedgecapital.com\/de\/wp-json\/wp\/v2\/pages\/832\/revisions"}],"wp:attachment":[{"href":"https:\/\/rosedgecapital.com\/de\/wp-json\/wp\/v2\/media?parent=832"}],"curies":[{"name":"wp","href":"https:\/\/api.w.org\/{rel}","templated":true}]}}