{"id":798,"date":"2020-06-04T10:04:17","date_gmt":"2020-06-04T10:04:17","guid":{"rendered":"http:\/\/rosedgecapital.com\/a-propos\/"},"modified":"2022-08-17T20:40:37","modified_gmt":"2022-08-17T20:40:37","slug":"a-propos","status":"publish","type":"page","link":"https:\/\/rosedgecapital.com\/fr\/a-propos\/","title":{"rendered":"\u00c0 propos"},"content":{"rendered":"<p><div class=\"et_d4_element et_pb_section et_pb_section_0 et_pb_section_parallax et_pb_with_background  et_pb_css_mix_blend_mode et_pb_fullwidth_section et_section_regular et_block_section\" >\n\t\t\t\t\n\t\t\t\t<span class=\"et_parallax_bg_wrap et-pb-parallax-wrapper\"><span\n\t\t\t\t\t\tclass=\"et_parallax_bg et_parallax_bg--et_pb_section_0 lazyload\"\n\t\t\t\t\t\tstyle=\"background-image:inherit;\"\n\t\t\t\t\t data-bg-image=\"url(https:\/\/rosedgecapital.com\/wp-content\/uploads\/2020\/05\/About-us-Zurich-scaled.jpg)\"><\/span><\/span>\n\t\t\t\t\n\t\t\t\t\n\t\t\t\t\n\t\t\t\t\n\t\t\t\t<section class=\"et_pb_module et_d4_element et_pb_fullwidth_header et_pb_fullwidth_header_0 et_animated et_hover_enabled  et_pb_css_mix_blend_mode et_pb_text_align_center et_pb_bg_layout_dark et_pb_fullscreen\">\n\t\t\t\t\n\t\t\t\t\n\t\t\t\t\n\t\t\t\t\n\t\t\t\t<div class=\"et_pb_fullwidth_header_container center\">\n\t\t\t\t\t<div class=\"header-content-container center\">\n\t\t\t\t\t<div class=\"header-content\">\n\t\t\t\t\t\t\n\t\t\t\t\t\t<h1 class=\"et_pb_module_header\">\u00c0 propos<\/h1>\n\t\t\t\t\t\t\n\t\t\t\t\t\t<div class=\"et_pb_header_content_wrapper\"><p>&nbsp;<\/p>\n<p>&nbsp;<\/p><\/div>\n\t\t\t\t\t\t<a class=\"et_pb_button et_pb_more_button et_pb_button_two\" href=\"https:\/\/rosedgecapital.com\/fr\/contact\/\">Nous contacter<\/a>\n\t\t\t\t\t<\/div>\n\t\t\t\t<\/div>\n\t\t\t\t\t\n\t\t\t\t<\/div>\n\t\t\t\t<div class=\"et_pb_fullwidth_header_overlay\"><\/div>\n\t\t\t\t<div class=\"et_pb_fullwidth_header_scroll\"><a href=\"#\" class=\"scroll-down-container\">\n\t\t\t\t\t<span class=\"scroll-down et-pb-icon\">&#x22;<\/span>\n\t\t\t\t\t\n\t\t\t\t\t\n\t\t\t\t<\/a><\/div>\n\t\t\t<\/section>\n\t\t\t\t\n\t\t\t\t\n\t\t\t<\/div><div class=\"et_d4_element et_pb_section et_pb_section_1  et_pb_css_mix_blend_mode et_section_regular et_block_section\" >\n\t\t\t\t\n\t\t\t\t\n\t\t\t\t\n\t\t\t\t\n\t\t\t\t\n\t\t\t\t\n\t\t\t\t<div class=\"et_d4_element et_pb_row et_pb_row_0  et_pb_css_mix_blend_mode et_block_row\">\n\t\t\t\t<div class=\"et_d4_element et_pb_column_4_4 et_pb_column et_pb_column_0  et_pb_css_mix_blend_mode et-last-child et_block_column\">\n\t\t\t\t\n\t\t\t\t\n\t\t\t\t\n\t\t\t\t\n\t\t\t\t<div class=\"et_pb_module et_d4_element et_pb_image et_pb_image_0\">\n\t\t\t\t\n\t\t\t\t\n\t\t\t\t\n\t\t\t\t\n\t\t\t\t<span class=\"et_pb_image_wrap \"><img decoding=\"async\" width=\"2560\" height=\"1787\" data-src=\"https:\/\/rosedgecapital.com\/wp-content\/uploads\/2020\/05\/Flawed-financing-system-scaled.jpg\" alt=\"\" title=\"businessman sitting on chair looking at a scribble on a wall feeling confused\" data-srcset=\"https:\/\/rosedgecapital.com\/wp-content\/uploads\/2020\/05\/Flawed-financing-system-scaled.jpg 2560w, https:\/\/rosedgecapital.com\/wp-content\/uploads\/2020\/05\/Flawed-financing-system-1280x894.jpg 1280w, https:\/\/rosedgecapital.com\/wp-content\/uploads\/2020\/05\/Flawed-financing-system-980x684.jpg 980w, https:\/\/rosedgecapital.com\/wp-content\/uploads\/2020\/05\/Flawed-financing-system-480x335.jpg 480w\" data-sizes=\"(min-width: 0px) and (max-width: 480px) 480px, (min-width: 481px) and (max-width: 980px) 980px, (min-width: 981px) and (max-width: 1280px) 1280px, (min-width: 1281px) 2560px, 100vw\" class=\"wp-image-470 lazyload\" src=\"data:image\/svg+xml;base64,PHN2ZyB3aWR0aD0iMSIgaGVpZ2h0PSIxIiB4bWxucz0iaHR0cDovL3d3dy53My5vcmcvMjAwMC9zdmciPjwvc3ZnPg==\" style=\"--smush-placeholder-width: 2560px; --smush-placeholder-aspect-ratio: 2560\/1787;\" \/><\/span>\n\t\t\t<\/div>\n\t\t\t<\/div>\n\t\t\t\t\n\t\t\t\t\n\t\t\t\t\n\t\t\t\t\n\t\t\t<\/div>\n\t\t\t\t\n\t\t\t\t\n\t\t\t<\/div><div class=\"et_d4_element et_pb_section et_pb_section_2 et_animated  et_pb_css_mix_blend_mode et_section_regular et_block_section\" >\n\t\t\t\t\n\t\t\t\t\n\t\t\t\t\n\t\t\t\t\n\t\t\t\t\n\t\t\t\t\n\t\t\t\t<div class=\"et_d4_element et_pb_row et_pb_row_1 et_pb_row_fullwidth et_pb_equal_columns et_pb_gutters1  et_pb_css_mix_blend_mode et_block_row\">\n\t\t\t\t<div class=\"et_d4_element et_pb_column_1_2 et_pb_column et_pb_column_1  et_pb_css_mix_blend_mode et_block_column\">\n\t\t\t\t\n\t\t\t\t\n\t\t\t\t\n\t\t\t\t\n\t\t\t\t<div class=\"et_pb_module et_d4_element et_pb_divider et_pb_divider_0 et_animated et_pb_space\"><div class=\"et_pb_divider_internal\"><\/div><\/div><div class=\"et_pb_module et_d4_element et_pb_text et_pb_text_0 et_animated et_pb_section_parallax  et_pb_text_align_left et_pb_bg_layout_light\">\n\t\t\t\t<span class=\"et_parallax_bg_wrap et-pb-parallax-wrapper\"><span\n\t\t\t\t\t\tclass=\"et_parallax_bg et_pb_parallax_css et_parallax_bg--et_pb_text_0 lazyload\"\n\t\t\t\t\t\tstyle=\"background-image:inherit;\"\n\t\t\t\t\t data-bg-image=\"url(https:\/\/rosedgecapital.com\/wp-content\/uploads\/2020\/05\/testemonial-background.jpg)\"><\/span><\/span>\n\t\t\t\t\n\t\t\t\t\n\t\t\t\t\n\t\t\t\t<div class=\"et_pb_text_inner\"><h2 style=\"text-align: center;\"><strong>Un syst\u00e8me de financement imparfait<\/strong><\/h2>\n<p>&nbsp;<\/p>\n<p><i>\u00ab Le producteur europ\u00e9en de snacks et chips a allou\u00e9 son term loan B de 185,5 millions \u00e0 99,5 et Euribor + 425 bps. Le TLB \u00e9tait initialement indiqu\u00e9 \u00e0 99,5 payant E+ 375-400 bps avant d\u2019avoir fl\u00e9chi \u00e0 99-99,5 payant E+ 425 bps. <\/i>\u00bb<\/p>\n<p><i>\u00ab Les prix ont \u00e9t\u00e9 fix\u00e9s \u00e0 94 OID et E+ 600 bps et les interm\u00e9diaires ont chang\u00e9 la structure pour opter pour un financement club. [&#8230;] La structure de l&rsquo;op\u00e9ration reste la m\u00eame, un TLB de 275 millions d&rsquo;euros mis sur le march\u00e9 le 22 novembre 2018 guid\u00e9e \u00e0 E+425-500 bps et 99 OID. \u00bb<\/i><\/p>\n<p><i>\u00ab [&#8230;] annule la vente apr\u00e8s l\u2019\u00e9chec des n\u00e9gociations ces derniers jours. \u00bb \u00ab A fait face \u00e0 de forts vents contraires lors du refinancement en 2018. \u00bb \u00ab L\u2019\u00e9metteur a finalement choisi le financement club, se tournant vers des pr\u00eateurs directs et d&rsquo;autres pr\u00eateurs non traditionnels pour r\u00e9aliser l&rsquo;op\u00e9ration. \u00bb <\/i><\/p>\n<p><i><strong>Source<\/strong> : <strong>Plateformes d\u00e9di\u00e9es aux actualit\u00e9s sur l\u2019endettement (texte original en anglais)<\/strong><\/i><\/p><\/div>\n\t\t\t<\/div>\n\t\t\t<\/div><div class=\"et_d4_element et_pb_column_1_2 et_pb_column et_pb_column_2  et_pb_css_mix_blend_mode et-last-child et_block_column et_pb_column_empty\">\n\t\t\t\t\n\t\t\t\t\n\t\t\t\t\n\t\t\t\t\n\t\t\t\t\n\t\t\t<\/div>\n\t\t\t\t\n\t\t\t\t\n\t\t\t\t\n\t\t\t\t\n\t\t\t<\/div><div class=\"et_d4_element et_pb_row et_pb_row_2  et_pb_css_mix_blend_mode et_block_row\">\n\t\t\t\t<div class=\"et_d4_element et_pb_column_4_4 et_pb_column et_pb_column_3  et_pb_css_mix_blend_mode et-last-child et_block_column\">\n\t\t\t\t\n\t\t\t\t\n\t\t\t\t\n\t\t\t\t\n\t\t\t\t<div class=\"et_pb_with_border et_pb_module et_d4_element et_pb_text et_pb_text_1 et_animated  et_pb_text_align_left et_pb_bg_layout_light\">\n\t\t\t\t\n\t\t\t\t\n\t\t\t\t\n\t\t\t\t\n\t\t\t\t<div class=\"et_pb_text_inner\"><p><strong>Taux d\u2019int\u00e9r\u00eats \u00e9lev\u00e9s, \u00e9chec des processus de refinancement et des paiements des dividendes, rigidit\u00e9 de la documentation mettant \u00e0 rude \u00e9preuve les op\u00e9rations de l&#8217;emprunteur et \u00e9chec\/retard des processus des fusions-acquisitions.<\/strong><\/p><\/div>\n\t\t\t<\/div>\n\t\t\t<\/div>\n\t\t\t\t\n\t\t\t\t\n\t\t\t\t\n\t\t\t\t\n\t\t\t<\/div><div class=\"et_d4_element et_pb_row et_pb_row_3  et_pb_css_mix_blend_mode et_block_row\">\n\t\t\t\t<div class=\"et_d4_element et_pb_column_4_4 et_pb_column et_pb_column_4  et_pb_css_mix_blend_mode et-last-child et_block_column\">\n\t\t\t\t\n\t\t\t\t\n\t\t\t\t\n\t\t\t\t\n\t\t\t\t<div class=\"et_pb_button_module_wrapper et_pb_button_0_wrapper et_pb_button_alignment_center et_pb_module \">\n\t\t\t\t<a class=\"et_pb_button et_d4_element et_pb_button_0 et_hover_enabled et_pb_bg_layout_light et_block_module\" href=\"#more\">Une solution alternative \u2b07<\/a>\n\t\t\t<\/div>\n\t\t\t<\/div>\n\t\t\t\t\n\t\t\t\t\n\t\t\t\t\n\t\t\t\t\n\t\t\t<\/div><div class=\"et_d4_element et_pb_row et_pb_row_4  et_pb_css_mix_blend_mode et_block_row\">\n\t\t\t\t<div class=\"et_d4_element et_pb_column_4_4 et_pb_column et_pb_column_5  et_pb_css_mix_blend_mode et-last-child et_block_column\">\n\t\t\t\t\n\t\t\t\t\n\t\t\t\t\n\t\t\t\t\n\t\t\t\t<div class=\"et_pb_module et_d4_element et_pb_image et_pb_image_1\">\n\t\t\t\t\n\t\t\t\t\n\t\t\t\t\n\t\t\t\t\n\t\t\t\t<span class=\"et_pb_image_wrap \"><img decoding=\"async\" width=\"2560\" height=\"1868\" data-src=\"https:\/\/rosedgecapital.com\/wp-content\/uploads\/2020\/05\/Rosedge-differentiated-proposition-scaled.jpg\" alt=\"\" title=\"creative idea.Concept of idea and innovation\" data-srcset=\"https:\/\/rosedgecapital.com\/wp-content\/uploads\/2020\/05\/Rosedge-differentiated-proposition-scaled.jpg 2560w, https:\/\/rosedgecapital.com\/wp-content\/uploads\/2020\/05\/Rosedge-differentiated-proposition-1280x934.jpg 1280w, https:\/\/rosedgecapital.com\/wp-content\/uploads\/2020\/05\/Rosedge-differentiated-proposition-980x715.jpg 980w, https:\/\/rosedgecapital.com\/wp-content\/uploads\/2020\/05\/Rosedge-differentiated-proposition-480x350.jpg 480w\" data-sizes=\"(min-width: 0px) and (max-width: 480px) 480px, (min-width: 481px) and (max-width: 980px) 980px, (min-width: 981px) and (max-width: 1280px) 1280px, (min-width: 1281px) 2560px, 100vw\" class=\"wp-image-479 lazyload\" src=\"data:image\/svg+xml;base64,PHN2ZyB3aWR0aD0iMSIgaGVpZ2h0PSIxIiB4bWxucz0iaHR0cDovL3d3dy53My5vcmcvMjAwMC9zdmciPjwvc3ZnPg==\" style=\"--smush-placeholder-width: 2560px; --smush-placeholder-aspect-ratio: 2560\/1868;\" \/><\/span>\n\t\t\t<\/div>\n\t\t\t<\/div>\n\t\t\t\t\n\t\t\t\t\n\t\t\t\t\n\t\t\t\t\n\t\t\t<\/div>\n\t\t\t\t\n\t\t\t\t\n\t\t\t<\/div><div class=\"et_d4_element et_pb_section et_pb_section_3 et_animated  et_pb_css_mix_blend_mode et_section_regular et_block_section\" >\n\t\t\t\t\n\t\t\t\t\n\t\t\t\t\n\t\t\t\t\n\t\t\t\t\n\t\t\t\t\n\t\t\t\t<div class=\"et_d4_element et_pb_row et_pb_row_5 et_pb_row_fullwidth et_pb_equal_columns et_pb_gutters1  et_pb_css_mix_blend_mode et_block_row\">\n\t\t\t\t<div class=\"et_d4_element et_pb_column_1_2 et_pb_column et_pb_column_6  et_pb_css_mix_blend_mode et_block_column et_pb_column_empty\">\n\t\t\t\t\n\t\t\t\t\n\t\t\t\t\n\t\t\t\t\n\t\t\t\t\n\t\t\t<\/div><div class=\"et_d4_element et_pb_column_1_2 et_pb_column et_pb_column_7  et_pb_css_mix_blend_mode et-last-child et_block_column\">\n\t\t\t\t\n\t\t\t\t\n\t\t\t\t\n\t\t\t\t\n\t\t\t\t<div id=\"more\" class=\"et_pb_module et_d4_element et_pb_divider et_pb_divider_1 et_animated et_pb_space\"><div class=\"et_pb_divider_internal\"><\/div><\/div><div class=\"et_pb_module et_d4_element et_pb_text et_pb_text_2 et_animated et_pb_section_parallax  et_pb_text_align_left et_pb_bg_layout_light\">\n\t\t\t\t<span class=\"et_parallax_bg_wrap et-pb-parallax-wrapper\"><span\n\t\t\t\t\t\tclass=\"et_parallax_bg et_pb_parallax_css et_parallax_bg--et_pb_text_2 lazyload\"\n\t\t\t\t\t\tstyle=\"background-image:inherit;\"\n\t\t\t\t\t data-bg-image=\"url(https:\/\/rosedgecapital.com\/wp-content\/uploads\/2020\/05\/testemonial-background.jpg)\"><\/span><\/span>\n\t\t\t\t\n\t\t\t\t\n\t\t\t\t\n\t\t\t\t<div class=\"et_pb_text_inner\"><h3 style=\"text-align: center;\"><strong>La proposition diff\u00e9renci\u00e9e de Rosedge<\/strong><\/h3>\n<p><strong><\/strong><\/p>\n<p><strong><\/strong><\/p>\n<p><strong><\/strong><\/p>\n<p><i>\u201c<\/i><i>Cognita a ex\u00e9cut\u00e9 un Second Lien de 255 millions d&rsquo;euros.<\/i><i>\u201d \u201cLe sponsor Jacobs Holding a opt\u00e9 pour un pr\u00eat de Second Lien pour ajouter une tranche de dette junior [&#8230;] apr\u00e8s le retrait d&rsquo;une obligation subordonn\u00e9e pr\u00e9vue de 255,3 millions d&rsquo;euros. \u00bb \u00ab Marge de E+750, ce qui se compare favorablement aux obligations (qui avaient \u00e9t\u00e9 entendues dans une zone de 8,5 %).\u00a0\u00bb<\/i><\/p>\n<p><i>\u201c<\/i><i>Jacobs Holding a d\u00e9clar\u00e9 le 31 janvier avoir vendu des participations minoritaires dans Cognita, le groupe scolaire mondial bas\u00e9 au Royaume-Uni, aux deux soci\u00e9t\u00e9s de capital-investissement : BDT Capital Partners, bas\u00e9 \u00e0 Chicago, Illinois, et SofinaSA,bas\u00e9<\/i> <i>en<\/i> <i>Belgique.\u00a0\u00bb<\/i><\/p>\n<p><i><strong>Source<\/strong> : <strong>Plateformes d\u00e9di\u00e9es aux actualit\u00e9s sur l\u2019endettement (texte original en anglais)<\/strong><\/i><\/p><\/div>\n\t\t\t<\/div>\n\t\t\t<\/div>\n\t\t\t\t\n\t\t\t\t\n\t\t\t\t\n\t\t\t\t\n\t\t\t<\/div>\n\t\t\t\t\n\t\t\t\t\n\t\t\t<\/div><div id=\"more\" class=\"et_d4_element et_pb_section et_pb_section_4  et_pb_css_mix_blend_mode et_section_regular et_block_section\" >\n\t\t\t\t\n\t\t\t\t\n\t\t\t\t\n\t\t\t\t\n\t\t\t\t\n\t\t\t\t\n\t\t\t\t<div class=\"et_d4_element et_pb_row et_pb_row_6  et_pb_css_mix_blend_mode et_block_row\">\n\t\t\t\t<div class=\"et_d4_element et_pb_column_4_4 et_pb_column et_pb_column_8  et_pb_css_mix_blend_mode et-last-child et_block_column\">\n\t\t\t\t\n\t\t\t\t\n\t\t\t\t\n\t\t\t\t\n\t\t\t\t<div class=\"et_pb_with_border et_pb_module et_d4_element et_pb_text et_pb_text_3 et_animated  et_pb_text_align_left et_pb_bg_layout_light\">\n\t\t\t\t\n\t\t\t\t\n\t\t\t\t\n\t\t\t\t\n\t\t\t\t<div class=\"et_pb_text_inner\"><p><b>Rosedge simplifie le processus de financement par l\u2019emprunt, en se concentrant sur la meilleure ex\u00e9cution possible: financement moins cher, flexibilit\u00e9 de la documentation, am\u00e9lioration des chances de vente des actifs (minoritaires ou majoritaires).<\/b><\/p><\/div>\n\t\t\t<\/div>\n\t\t\t<\/div>\n\t\t\t\t\n\t\t\t\t\n\t\t\t\t\n\t\t\t\t\n\t\t\t<\/div>\n\t\t\t\t\n\t\t\t\t\n\t\t\t<\/div><div class=\"et_d4_element et_pb_section et_pb_section_5  et_pb_css_mix_blend_mode et_section_regular et_block_section\" >\n\t\t\t\t\n\t\t\t\t\n\t\t\t\t\n\t\t\t\t\n\t\t\t\t\n\t\t\t\t\n\t\t\t\t<div class=\"et_d4_element et_pb_row et_pb_row_7  et_pb_css_mix_blend_mode et_block_row\">\n\t\t\t\t<div class=\"et_d4_element et_pb_column_4_4 et_pb_column et_pb_column_9  et_pb_css_mix_blend_mode et-last-child et_block_column\">\n\t\t\t\t\n\t\t\t\t\n\t\t\t\t\n\t\t\t\t\n\t\t\t\t<div class=\"et_pb_module et_d4_element et_pb_divider et_pb_divider_2 et_animated et_pb_space\"><div class=\"et_pb_divider_internal\"><\/div><\/div><div class=\"et_pb_module et_d4_element et_pb_text et_pb_text_4 et_animated  et_pb_text_align_center et_pb_bg_layout_light\">\n\t\t\t\t\n\t\t\t\t\n\t\t\t\t\n\t\t\t\t\n\t\t\t\t<div class=\"et_pb_text_inner\"><h2><strong>Qu\u2019est-ce qui fait la diff\u00e9rence chez Rosedge ?<\/strong><\/h2>\n<h1><strong> <\/strong><\/h1>\n<p><strong><\/strong><\/p>\n<p><strong><\/strong><\/p>\n<p><strong>Nous associons le caract\u00e8re ind\u00e9pendant d&rsquo;un conseiller de dette avec le vaste r\u00e9seau, la structure et la puissance de vente d\u2019une banque d&rsquo;investissement<\/strong><\/p><\/div>\n\t\t\t<\/div>\n\t\t\t<\/div>\n\t\t\t\t\n\t\t\t\t\n\t\t\t\t\n\t\t\t\t\n\t\t\t<\/div>\n\t\t\t\t\n\t\t\t\t\n\t\t\t<\/div><div class=\"et_d4_element et_pb_section et_pb_section_6  et_pb_css_mix_blend_mode et_section_regular et_block_section\" >\n\t\t\t\t\n\t\t\t\t\n\t\t\t\t\n\t\t\t\t\n\t\t\t\t\n\t\t\t\t\n\t\t\t\t<div class=\"et_d4_element et_pb_row et_pb_row_8 et_pb_row_fullwidth et_pb_equal_columns et_pb_gutters1  et_pb_css_mix_blend_mode et_block_row\">\n\t\t\t\t<div class=\"et_d4_element et_pb_column_1_2 et_pb_column et_pb_column_10  et_pb_css_mix_blend_mode et_block_column\">\n\t\t\t\t\n\t\t\t\t\n\t\t\t\t\n\t\t\t\t\n\t\t\t\t<div class=\"et_pb_module et_d4_element et_pb_divider et_pb_divider_3 et_animated et_pb_space\"><div class=\"et_pb_divider_internal\"><\/div><\/div><div class=\"et_pb_module et_d4_element et_pb_text et_pb_text_5 et_animated  et_pb_text_align_left et_pb_bg_layout_light\">\n\t\t\t\t\n\t\t\t\t\n\t\t\t\t\n\t\t\t\t\n\t\t\t\t<div class=\"et_pb_text_inner\"><h2 style=\"text-align: center;\"><strong>Rosedge Capital <\/strong><\/h2>\n<p>&nbsp;<\/p>\n<p class=\"header2\" style=\"text-align: center;\"><span style=\"color: #000000;\">\u2714<\/span> D\u00e9velopper la meilleure structure d\u2019endettement pour nos clients<\/p>\n<p class=\"header2\" style=\"text-align: center;\"><span style=\"color: #0000ff;\"><span style=\"color: #000000;\">\u2714<\/span><\/span>Orchestrer plusieurs solutions de financement simultan\u00e9ment<\/p>\n<p class=\"header2\" style=\"text-align: center;\"><span style=\"color: #000000;\">\u2714<\/span> Organiser l\u2019int\u00e9gralit\u00e9 du processus de financement<\/p>\n<p class=\"header2\" style=\"text-align: center;\"><span style=\"color: #000000;\">\u2714<\/span> Orchestrer la n\u00e9gociation de la documentation<\/p>\n<p class=\"header2\" style=\"text-align: center;\"><span style=\"color: #000000;\">\u2714<\/span> Accompagner tout au long du processus de financement<\/p><\/div>\n\t\t\t<\/div>\n\t\t\t<\/div><div class=\"et_d4_element et_pb_column_1_2 et_pb_column et_pb_column_11  et_pb_css_mix_blend_mode et-last-child et_block_column et_pb_column_empty\">\n\t\t\t\t\n\t\t\t\t\n\t\t\t\t\n\t\t\t\t\n\t\t\t\t\n\t\t\t<\/div>\n\t\t\t\t\n\t\t\t\t\n\t\t\t\t\n\t\t\t\t\n\t\t\t<\/div><div class=\"et_d4_element et_pb_row et_pb_row_9  et_pb_css_mix_blend_mode et_block_row\">\n\t\t\t\t<div class=\"et_d4_element et_pb_column_4_4 et_pb_column et_pb_column_12  et_pb_css_mix_blend_mode et-last-child et_block_column\">\n\t\t\t\t\n\t\t\t\t\n\t\t\t\t\n\t\t\t\t\n\t\t\t\t<div class=\"et_pb_module et_d4_element et_pb_image et_pb_image_2\">\n\t\t\t\t\n\t\t\t\t\n\t\t\t\t\n\t\t\t\t\n\t\t\t\t<span class=\"et_pb_image_wrap \"><img decoding=\"async\" width=\"2560\" height=\"1709\" data-src=\"https:\/\/rosedgecapital.com\/wp-content\/uploads\/2020\/05\/How-is-our-process-different-scaled.jpg\" alt=\"\" title=\"Human hands connecting two jigsaw puzzle pieces against cloudy sky\" class=\"wp-image-475 lazyload\" data-srcset=\"https:\/\/rosedgecapital.com\/wp-content\/uploads\/2020\/05\/How-is-our-process-different-scaled.jpg 2560w, https:\/\/rosedgecapital.com\/wp-content\/uploads\/2020\/05\/How-is-our-process-different-1280x855.jpg 1280w, https:\/\/rosedgecapital.com\/wp-content\/uploads\/2020\/05\/How-is-our-process-different-980x654.jpg 980w, https:\/\/rosedgecapital.com\/wp-content\/uploads\/2020\/05\/How-is-our-process-different-480x320.jpg 480w\" data-sizes=\"(min-width: 0px) and (max-width: 480px) 480px, (min-width: 481px) and (max-width: 980px) 980px, (min-width: 981px) and (max-width: 1280px) 1280px, (min-width: 1281px) 2560px, 100vw\" src=\"data:image\/svg+xml;base64,PHN2ZyB3aWR0aD0iMSIgaGVpZ2h0PSIxIiB4bWxucz0iaHR0cDovL3d3dy53My5vcmcvMjAwMC9zdmciPjwvc3ZnPg==\" style=\"--smush-placeholder-width: 2560px; --smush-placeholder-aspect-ratio: 2560\/1709;\" \/><\/span>\n\t\t\t<\/div>\n\t\t\t<\/div>\n\t\t\t\t\n\t\t\t\t\n\t\t\t\t\n\t\t\t\t\n\t\t\t<\/div>\n\t\t\t\t\n\t\t\t\t\n\t\t\t<\/div><\/p>\n","protected":false},"excerpt":{"rendered":"","protected":false},"author":1,"featured_media":0,"parent":0,"menu_order":0,"comment_status":"closed","ping_status":"closed","template":"","meta":{"_et_pb_use_builder":"on","_et_pb_old_content":"","_et_gb_content_width":"","footnotes":""},"class_list":["post-798","page","type-page","status-publish","hentry"],"_links":{"self":[{"href":"https:\/\/rosedgecapital.com\/fr\/wp-json\/wp\/v2\/pages\/798","targetHints":{"allow":["GET"]}}],"collection":[{"href":"https:\/\/rosedgecapital.com\/fr\/wp-json\/wp\/v2\/pages"}],"about":[{"href":"https:\/\/rosedgecapital.com\/fr\/wp-json\/wp\/v2\/types\/page"}],"author":[{"embeddable":true,"href":"https:\/\/rosedgecapital.com\/fr\/wp-json\/wp\/v2\/users\/1"}],"replies":[{"embeddable":true,"href":"https:\/\/rosedgecapital.com\/fr\/wp-json\/wp\/v2\/comments?post=798"}],"version-history":[{"count":6,"href":"https:\/\/rosedgecapital.com\/fr\/wp-json\/wp\/v2\/pages\/798\/revisions"}],"predecessor-version":[{"id":1386,"href":"https:\/\/rosedgecapital.com\/fr\/wp-json\/wp\/v2\/pages\/798\/revisions\/1386"}],"wp:attachment":[{"href":"https:\/\/rosedgecapital.com\/fr\/wp-json\/wp\/v2\/media?parent=798"}],"curies":[{"name":"wp","href":"https:\/\/api.w.org\/{rel}","templated":true}]}}