{"id":830,"date":"2020-06-05T16:04:08","date_gmt":"2020-06-05T16:04:08","guid":{"rendered":"http:\/\/rosedgecapital.com\/politique-de-confidentialite\/"},"modified":"2020-06-05T16:04:09","modified_gmt":"2020-06-05T16:04:09","slug":"politique-de-confidentialite","status":"publish","type":"page","link":"https:\/\/rosedgecapital.com\/fr\/politique-de-confidentialite\/","title":{"rendered":"Politique de confidentialit\u00e9"},"content":{"rendered":"<div class=\"et_d4_element et_pb_section et_pb_section_0  et_pb_css_mix_blend_mode et_section_regular et_block_section\" >\n\t\t\t\t\n\t\t\t\t\n\t\t\t\t\n\t\t\t\t\n\t\t\t\t\n\t\t\t\t\n\t\t\t\t<div class=\"et_d4_element et_pb_row et_pb_row_0  et_pb_css_mix_blend_mode et_block_row\">\n\t\t\t\t<div class=\"et_d4_element et_pb_column_4_4 et_pb_column et_pb_column_0  et_pb_css_mix_blend_mode et-last-child et_block_column\">\n\t\t\t\t\n\t\t\t\t\n\t\t\t\t\n\t\t\t\t\n\t\t\t\t<div class=\"et_pb_module et_d4_element et_pb_text et_pb_text_0  et_pb_text_align_left et_pb_bg_layout_light\">\n\t\t\t\t\n\t\t\t\t\n\t\t\t\t\n\t\t\t\t\n\t\t\t\t<div class=\"et_pb_text_inner\"><h1>POLITIQUE DE CONFIDENTIALIT\u00c9 DE Rosedge Capital AG (\u00ab Rosedge \u00bb)<\/h1>\n<p>&nbsp;<\/p>\n<p>&nbsp;<\/p>\n<p>Les informations et documents figurant sur le site web <a href=\"http:\/\/www.rosedgecapital.com\/\"><strong>www.rosedgecapital.com<\/strong><\/a><strong>  <\/strong>(le \u00ab site web Rosedge \u00bb) ne constituent ni ne fournissent aucun conseil. Rosedge fait en sort de mettre constamment \u00e0 jour les informations et les documents sur le site web Rosedge et s&rsquo;assure de leur exactitude. Toutefois, Rosedge n&rsquo;assume aucune responsabilit\u00e9 quant \u00e0 l&rsquo;exactitude, l&rsquo;exhaustivit\u00e9 et la pertinence des informations et des documents fournis.  <\/p>\n<p>Rosedge exclut express\u00e9ment toute responsabilit\u00e9 pour toute erreur ou omission, les cons\u00e9quences de l&rsquo;utilisation des informations et\/ou documents ou du site web Rosedge lui-m\u00eame.<\/p>\n<p>Rosedge n&rsquo;assume aucune responsabilit\u00e9 pour les autres sites web et contenus qui renvoient au site web Rosedge ou qui sont mentionn\u00e9s \u00e0 partir du site web Rosedge.<\/p>\n<p>&nbsp;<\/p>\n<p>POLITIQUE DE CONFIDENTIALIT\u00c9 DE Rosedge Capital AG (\u00ab Rosedge \u00bb)<\/p>\n<p>&nbsp;<\/p>\n<p>Pour Rosedge, il est extr\u00eamement important de prot\u00e9ger et de garantir la s\u00e9curit\u00e9 et la confidentialit\u00e9 des donn\u00e9es que Rosedge re\u00e7oit dans le cadre de ses activit\u00e9s commerciales ou qu&rsquo;elle obtient et\/ou traite \u00e0 partir de sources accessibles au public (\u00ab donn\u00e9es re\u00e7ues par Rosedge \u00bb). Les donn\u00e9es re\u00e7ues par Rosedge seront trait\u00e9es conform\u00e9ment aux dispositions des lois suisses en vigueur en mati\u00e8re de protection des donn\u00e9es et, le cas \u00e9ch\u00e9ant, du R\u00e8glement g\u00e9n\u00e9ral europ\u00e9en sur la protection des donn\u00e9es (\u00ab RGPD \u00bb). Dans le cas o\u00f9 les donn\u00e9es re\u00e7ues par Rosedge proviendraient de clients, ces derniers sont soumis aux conditions de confidentialit\u00e9 convenues.  <\/p>\n<p>&nbsp;<\/p>\n<p>Rosedge est responsable du traitement des donn\u00e9es. Les donn\u00e9es re\u00e7ues par Rosedge sont des informations que Rosedge re\u00e7oit et\/ou collecte dans le cadre de ses relations clients existantes, anciennes ou potentielles et d&rsquo;autres relations contractuelles existantes, anciennes ou potentielles ainsi que dans le cadre de l&rsquo;exploitation du site web exploit\u00e9 par Rosedge et des applications connexes dans lesquelles Rosedge a un int\u00e9r\u00eat l\u00e9gitime conform\u00e9ment \u00e0 son objet social et\/ou qui, \u00e0 la discr\u00e9tion de Rosedge, sont n\u00e9cessaires \u00e0 la conduite de ses activit\u00e9s. <\/p>\n<p>&nbsp;<\/p>\n<p>Dans la mesure o\u00f9 la loi le permet, Rosedge rassemble \u00e9galement des donn\u00e9es re\u00e7ues par Rosedge provenant de sources accessibles au public (par exemple, les registres d&rsquo;endettement, fonciers, les registres du commerce, d&rsquo;avocats, de m\u00e9dias, Internet) ou provenant de clients, de partenaires contractuels, de tribunaux, de tribunaux arbitraux, d&rsquo;autorit\u00e9s publiques, d&rsquo;avocats par correspondance, de syst\u00e8mes d&rsquo;information commerciale et\/ou de tiers.<\/p>\n<p>&nbsp;<\/p>\n<p>Les donn\u00e9es re\u00e7ues par Rosedge comprennent notamment les informations et les d\u00e9tails relatifs aux fonctions et activit\u00e9s professionnelles des clients et des tiers, les informations sur la situation financi\u00e8re et les rapports de cr\u00e9dit, les diffusions des banques et des assurances, ainsi que toutes les autres donn\u00e9es qui sont pertinentes pour le cours des activit\u00e9s de Rosedge. En outre, les donn\u00e9es re\u00e7ues par Rosedge contiennent des adresses et des informations relatives \u00e0 l&rsquo;utilisation du site web de Rosedge. <\/p>\n<p>&nbsp;<\/p>\n<p>Les donn\u00e9es re\u00e7ues par Rosedge servent \u00e0 fournir des services juridiques, \u00e0 acheter des produits et des services \u00e0 des tiers, \u00e0 accomplir d&rsquo;autres actes li\u00e9s \u00e0 l&rsquo;objet social et n\u00e9cessaires dans le cadre des activit\u00e9s de l&rsquo;entreprise, \u00e0 sauvegarder les int\u00e9r\u00eats de Rosedge ainsi qu&rsquo;\u00e0 respecter les obligations l\u00e9gales et r\u00e9glementaires en Suisse et \u00e0 l&rsquo;\u00e9tranger et \u00e0 relever les infractions \u00e0 cet \u00e9gard, le d\u00e9veloppement d&rsquo;offres, de services et du site web et autres plateformes sur lesquelles Rosedge est pr\u00e9sente, la publicit\u00e9 et le marketing, l&rsquo;organisation d&rsquo;\u00e9v\u00e9nements, la protection du droit de domicile et autres mesures visant \u00e0 assurer la s\u00e9curit\u00e9 des technologies de l&rsquo;information, des locaux et des installations et la protection des organes et des employ\u00e9s de Rosedge et d&rsquo;autres personnes et biens confi\u00e9s \u00e0 Rosedge.<\/p>\n<p>&nbsp;<\/p>\n<p>Le site web de Rosedge utilisent des \u00ab cookies \u00bb, Google Analytics et des technologies similaires \u00e0 des fins de marketing. Les fournisseurs de ces services ne re\u00e7oivent aucune donn\u00e9e concernant les clients, partenaires commerciaux ou autres tiers de la part de Rosedge. Pour plus d\u2019informations, veuillez visiter notre <a href=\"https:\/\/rosedgecapital.com\/cookies-policy\/\">politique de cookies <\/a>.  <\/p>\n<p>&nbsp;<\/p>\n<p>Des donn\u00e9es suppl\u00e9mentaires sont automatiquement collect\u00e9es par certains syst\u00e8mes informatiques lors de la visite du site web de Rosedge. Il s&rsquo;agit principalement de donn\u00e9es techniques (par exemple le navigateur internet, le syst\u00e8me d&rsquo;exploitation ou l&rsquo;heure d&rsquo;acc\u00e8s \u00e0 la page). La collecte de ces donn\u00e9es a lieu automatiquement d\u00e8s qu&rsquo;un site web Rosedge est consult\u00e9.  <\/p>\n<p><strong> <\/strong><\/p>\n<p>&nbsp;<\/p>\n<p>Dans le cadre de l&rsquo;objet social de Rosedge et en particulier pour la prestation de services financiers ainsi que pour la pratique commerciale en g\u00e9n\u00e9ral, les donn\u00e9es re\u00e7ues par Rosedge peuvent \u00eatre divulgu\u00e9es \u00e0 des tiers en Suisse et \u00e0 l&rsquo;\u00e9tranger. Ce faisant, toutes les exigences l\u00e9gales seront respect\u00e9es. <\/p>\n<p>&nbsp;<\/p>\n<p>Les donn\u00e9es re\u00e7ues par Rosedge sont trait\u00e9es et stock\u00e9es conform\u00e9ment aux obligations l\u00e9gales de conservation et de documentation et\/ou aux d\u00e9lais de prescription l\u00e9gaux \u00e9galement, pendant la dur\u00e9e n\u00e9cessaire aux int\u00e9r\u00eats commerciaux l\u00e9gitimes.<\/p>\n<p>&nbsp;<\/p>\n<p>Rosedge prend toutes les mesures de s\u00e9curit\u00e9 techniques et organisationnelles d\u00e9sign\u00e9es par la loi et appropri\u00e9es pour prot\u00e9ger les donn\u00e9es re\u00e7ues par Rosedge.<\/p>\n<p>&nbsp;<\/p>\n<h2>Les informations que nous recueillons<\/h2>\n<p>Les informations personnelles qui vous sont demand\u00e9es, et les raisons pour lesquelles elles vous sont demand\u00e9es, vous seront clairement indiqu\u00e9es au moment o\u00f9 nous vous demanderons de fournir vos informations personnelles.<\/p>\n<p>Si vous nous contactez directement, nous pouvons recevoir des informations suppl\u00e9mentaires vous concernant, telles que votre nom, votre adresse \u00e9lectronique, votre num\u00e9ro de t\u00e9l\u00e9phone, le contenu du message et\/ou des pi\u00e8ces jointes que vous pouvez nous envoyer, ainsi que toute autre information que vous choisissez de fournir.<\/p>\n<p>&nbsp;<\/p>\n<p>Entamer une relation commerciale avec Rosedge oblige la personne concern\u00e9e \u00e0 fournir des donn\u00e9es \u00e0 Rosedge, afin qu&rsquo;elle puisse remplir ses obligations contractuelles. Un refus de fournir les donn\u00e9es requises autoriserait Rosedge \u00e0 mettre imm\u00e9diatement fin \u00e0 la relation commerciale. <\/p>\n<p>&nbsp;<\/p>\n<p>Conform\u00e9ment aux lois applicables en mati\u00e8re de protection des donn\u00e9es et, le cas \u00e9ch\u00e9ant, au GRPD, il est possible d&rsquo;acc\u00e9der, de rectifier et d&rsquo;effacer ses donn\u00e9es personnelles, de restreindre le traitement ou de s&rsquo;opposer au traitement des donn\u00e9es ou de rappeler le consentement au traitement des donn\u00e9es. Il est \u00e9galement possible de recevoir certaines donn\u00e9es personnelles dans le but de transf\u00e9rer ces donn\u00e9es \u00e0 un autre responsable du traitement. L&rsquo;exercice de ces droits exige que l&rsquo;identit\u00e9 de la personne concern\u00e9e soit clairement \u00e9tablie. Rosedge se r\u00e9serve le droit de faire valoir ces restrictions d\u00e9sign\u00e9es en rapport avec les droits \u00e9num\u00e9r\u00e9s dans le pr\u00e9sent document.  <\/p>\n<p>&nbsp;<\/p>\n<p>La pr\u00e9sente politique de confidentialit\u00e9 peut \u00eatre modifi\u00e9e \u00e0 tout moment et sans pr\u00e9avis. La version actuelle publi\u00e9e sur notre site web <a href=\"http:\/\/www.rosedgecapital.com\/\"><strong>www.rosedgecapital.com<\/strong><\/a> est applicable. Rosedge se r\u00e9serve le droit de modifier la pr\u00e9sente politique de confidentialit\u00e9 dans des cas individuels en y ajoutant des d\u00e9clarations de confidentialit\u00e9 suppl\u00e9mentaires.  <\/p>\n<p>&nbsp;<\/p><\/div>\n\t\t\t<\/div>\n\t\t\t<\/div>\n\t\t\t\t\n\t\t\t\t\n\t\t\t\t\n\t\t\t\t\n\t\t\t<\/div>\n\t\t\t\t\n\t\t\t\t\n\t\t\t<\/div>\n","protected":false},"excerpt":{"rendered":"","protected":false},"author":1,"featured_media":0,"parent":0,"menu_order":0,"comment_status":"closed","ping_status":"closed","template":"","meta":{"_et_pb_use_builder":"on","_et_pb_old_content":"","_et_gb_content_width":"","footnotes":""},"class_list":["post-830","page","type-page","status-publish","hentry"],"_links":{"self":[{"href":"https:\/\/rosedgecapital.com\/fr\/wp-json\/wp\/v2\/pages\/830","targetHints":{"allow":["GET"]}}],"collection":[{"href":"https:\/\/rosedgecapital.com\/fr\/wp-json\/wp\/v2\/pages"}],"about":[{"href":"https:\/\/rosedgecapital.com\/fr\/wp-json\/wp\/v2\/types\/page"}],"author":[{"embeddable":true,"href":"https:\/\/rosedgecapital.com\/fr\/wp-json\/wp\/v2\/users\/1"}],"replies":[{"embeddable":true,"href":"https:\/\/rosedgecapital.com\/fr\/wp-json\/wp\/v2\/comments?post=830"}],"version-history":[{"count":0,"href":"https:\/\/rosedgecapital.com\/fr\/wp-json\/wp\/v2\/pages\/830\/revisions"}],"wp:attachment":[{"href":"https:\/\/rosedgecapital.com\/fr\/wp-json\/wp\/v2\/media?parent=830"}],"curies":[{"name":"wp","href":"https:\/\/api.w.org\/{rel}","templated":true}]}}